{"id":14040,"date":"2021-11-25T10:26:51","date_gmt":"2021-11-25T10:26:51","guid":{"rendered":"https:\/\/birdwatchingdominicanrepublic.com\/?post_type=product&#038;p=14040"},"modified":"2021-11-25T10:26:55","modified_gmt":"2021-11-25T10:26:55","slug":"el-limon-waterfalls-tour-private-from-las-galeras-horse-riding-lunch-swimming","status":"publish","type":"product","link":"https:\/\/birdwatchingdominicanrepublic.com\/et\/dominicantour\/el-limoni-juga-ekskursioon-eraviisiliselt-alates-las-galeras-ratsutamine-lounasook-ujumine\/","title":{"rendered":"El Limoni veesadude ekskursioon eraviisiliselt Las Galerasest (ratsutamine, l\u00f5unas\u00f6\u00f6k ja ujumine)"},"content":{"rendered":"<div class=\"vc_row wpb_row vc_row-fluid\" ><div class=\"wpb_column vc_column_container vc_col-sm-12\"><div class=\"vc_column-inner\"><div class=\"wpb_wrapper\"><div class=\"mkdf-section-title-holder\" style=\"text-align: left\">\n\t<div class=\"mkdf-st-inner\">\n\t\t\t\t\t<h5 class=\"mkdf-st-subtitle\" >\n\t\t\t\t(ratsutamine, l\u00f5unas\u00f6\u00f6k ja ujumine) \t\t\t<\/h5>\n\t\t\t\t\t\t\t<h3 class=\"mkdf-st-title\" >\n\t\t\t\tEl Limoni veesadude ekskursioon eraviisiliselt Las Galerasest \t\t\t<\/h3>\n\t\t\t\t\t<\/div>\n<\/div><\/div><\/div><\/div><\/div><div class=\"vc_row wpb_row vc_row-fluid\" ><\/div><div class=\"wpb_column vc_column_container vc_col-sm-12\"><div class=\"vc_column-inner\"><div class=\"wpb_wrapper\"><\/div><\/div><\/div>\n\t<div class=\"wpb_text_column wpb_content_element\" >\n\t\t<div class=\"wpb_wrapper\">\n\t\t\t\n\t\t<\/div>\n\t<\/div>\n<h4><b><i>\u00dclevaade <\/i><\/b><\/h4>\n<p>See on privaatne ekskursioon <strong>Veekogud El Lim\u00f3n<\/strong> koos ratsutamise v\u00f5i matkamisega. Kakao- ja kohvimetsade k\u00fclastamine kookospalmi varikatuse all. Kui j\u00f5uate juga, on teil lubatud ujuda ja m\u00e4\u00e4rata aega koos kohaliku giidiga. P\u00e4rast nautida t\u00fc\u00fcpiline l\u00f5unas\u00f6\u00f6k El Lim\u00f3n kogukond.<\/p>\n<p>\u00d5ppige koos kohalikega ja saate turvalise reisi. Hankige oma piletid pakkumises juba t\u00e4na.<\/p>\n<ul>\n<li style=\"font-weight: 400;\"><span style=\"font-weight: 400;\">Sisaldab l\u00f5unas\u00f6\u00f6ki\u00a0<\/span><\/li>\n<li>Ratsutamine v\u00f5i matkamine<\/li>\n<li style=\"font-weight: 400;\"><span style=\"font-weight: 400;\">Juhend annab juhiseid ja j\u00e4relevalvet<\/span><\/li>\n<li>Rahvuspargi tasud<\/li>\n<\/ul>\n<p>&nbsp;<\/p>\n<h4><b>Lisad ja erandid<\/b><\/h4>\n<p>&nbsp;<\/p>\n<p><b>Lisandid<\/b><\/p>\n<ol>\n<li style=\"font-weight: 400;\"><span style=\"font-weight: 400;\">Buffet l\u00f5unas\u00f6\u00f6k El Lim\u00f3nis<\/span><\/li>\n<li style=\"font-weight: 400;\"><span style=\"font-weight: 400;\">Matkamine v\u00f5i hobuste ratsutamine Tour<\/span><\/li>\n<li style=\"font-weight: 400;\"><span style=\"font-weight: 400;\">K\u00f5ik maksud, tasud ja k\u00e4itlemiskulud<\/span><\/li>\n<li style=\"font-weight: 400;\"><span style=\"font-weight: 400;\">Kohalikud maksud<\/span><\/li>\n<li style=\"font-weight: 400;\"><span style=\"font-weight: 400;\">Joogid<\/span><\/li>\n<li style=\"font-weight: 400;\"><span style=\"font-weight: 400;\">K\u00f5ik tegevused<\/span><\/li>\n<li style=\"font-weight: 400;\"><span style=\"font-weight: 400;\">Kohalik giid<\/span><\/li>\n<\/ol>\n<p><b> Erandid<\/b><\/p>\n<ol>\n<li style=\"font-weight: 400;\"><span style=\"font-weight: 400;\">H\u00fcvitised<\/span><\/li>\n<li style=\"font-weight: 400;\"><span style=\"font-weight: 400;\">\u00dclekanne<\/span><\/li>\n<li style=\"font-weight: 400;\"><span style=\"font-weight: 400;\">Alkohoolsed joogid<\/span><\/li>\n<li>Toit rannas<\/li>\n<\/ol>\n<p>&nbsp;<\/p>\n<h4><em><strong>V\u00e4ljumine ja tagasip\u00f6\u00f6rdumine<\/strong><\/em><\/h4>\n<p><span style=\"font-weight: 400;\">Reisija saab kohtumispaiga p\u00e4rast broneerimisprotsessi. Ekskursioonid algavad ja l\u00f5ppevad meie kohtumispaikades.<\/span><\/p>\n<p>&nbsp;<\/p>\n<h4><b><i>Mida oodata?<\/i><\/b><\/h4>\n<p>&nbsp;<\/p>\n<p><em><strong>Hankige oma piletid<\/strong><\/em> Saman\u00e1 veekogude El Lim\u00f3ni k\u00fclastamise eest ning suurep\u00e4rase l\u00f5unas\u00f6\u00f6gi eest El Lim\u00f3ni restoranis.<\/p>\n<p><span style=\"font-weight: 400;\">\"Booking Adventures\" korraldatud ekskursioon algab giidiga m\u00e4\u00e4ratud kohtumispaigast.<\/span><\/p>\n<p>Parimad eramatkad El Limoni juga koos kohaliku giidiga. Broneerige ratsutamisretk metsa \u00e4\u00e4res Lim\u00f3ni j\u00f5e \u00e4\u00e4res, k\u00fclastades kakao- ja kohviistandusi kookospuude varjus olevate palmide all.<\/p>\n<p>K\u00f5igepealt peatuge V\u00e4ikeses juga, kus tavaliselt ei ole palju inimesi ja kus saab ringi ujuda. P\u00e4rast j\u00e4tkame suure juga juurde, kus viibime soovi korral tund aega v\u00f5i kauemgi.<\/p>\n<p>Hobuste saamine tagasi restorani, kus naudime rannas t\u00fc\u00fcpilist l\u00f5unas\u00f6\u00f6ki. Frite kala Tostones ja salat v\u00f5i v\u00f5ite saada muid v\u00f5imalusi men\u00fc\u00fcst lisatasu eest.<\/p>\n<p>L\u00f5unas\u00f6\u00f6k El Lim\u00f3ni kogukonna restoranis ja v\u00f5ite j\u00e4\u00e4da nii kauaks kui soovite ringi ujuma.  Kui olete vegan, siis saame teile ka s\u00fc\u00fca m\u00e4\u00e4rata.<\/p>\n<p>&nbsp;<\/p>\n<h4><em><strong>Mida peaksite kaasa v\u00f5tma?<\/strong><\/em><\/h4>\n<ul>\n<li style=\"font-weight: 400;\"><span style=\"font-weight: 400;\">Kaamera<\/span><\/li>\n<li style=\"font-weight: 400;\"><span style=\"font-weight: 400;\">Repellentne pungad<\/span><\/li>\n<li style=\"font-weight: 400;\"><span style=\"font-weight: 400;\">p\u00e4ikesekreem<\/span><\/li>\n<li style=\"font-weight: 400;\"><span style=\"font-weight: 400;\">M\u00fctsike<\/span><\/li>\n<li style=\"font-weight: 400;\"><span style=\"font-weight: 400;\">Mugavad p\u00fcksid<\/span><\/li>\n<li style=\"font-weight: 400;\"><span style=\"font-weight: 400;\">Matkakingad metsa jaoks<\/span><\/li>\n<li style=\"font-weight: 400;\"><span style=\"font-weight: 400;\">Ujumisriided<\/span><\/li>\n<\/ul>\n<p>&nbsp;<\/p>\n<h4><b><i>Hotelli pealev\u00f5tmine <\/i><\/b><\/h4>\n<p><span style=\"font-weight: 400;\">Selle ekskursiooni puhul ei pakuta hotelli pealev\u00f5tmist. <\/span><\/p>\n<p>&nbsp;<\/p>\n<p><b>M\u00e4rkus:<\/b><span style=\"font-weight: 400;\"> kui te broneerite 24 tunni jooksul enne ekskursiooni \/ ekskursiooni v\u00e4ljumise aega, saame korraldada hotelli pealev\u00f5tmise lisatasu eest. Kui teie ost on tehtud, saadame teile t\u00e4ieliku kontaktinformatsiooni (telefoninumber, e-posti aadress jne.) meie kohaliku reisijuhi jaoks, et korraldada pealev\u00f5tmine.<\/span><\/p>\n<h4><b><i>Lisainfo Kinnitus <\/i><\/b><\/h4>\n<ol>\n<li>Piletid on kviitung p\u00e4rast selle Touri maksmist. V\u00f5ite n\u00e4idata makse oma telefonis.<\/li>\n<li style=\"font-weight: 400;\"><span style=\"font-weight: 400;\">Kohtumispaik saadakse p\u00e4rast broneerimisprotsessi.<\/span><\/li>\n<li style=\"font-weight: 400;\"><span style=\"font-weight: 400;\">Lastel peab olema kaasas t\u00e4iskasvanu.<\/span><\/li>\n<li style=\"font-weight: 400;\"><span style=\"font-weight: 400;\"> Ei ole ligip\u00e4\u00e4setav ratastooliga <\/span><\/li>\n<li style=\"font-weight: 400;\"><span style=\"font-weight: 400;\">Imikud peavad istuma s\u00fcles <\/span><\/li>\n<li style=\"font-weight: 400;\"><span style=\"font-weight: 400;\">Ei soovitata seljaprobleemidega reisijatele<\/span><\/li>\n<li style=\"font-weight: 400;\"><span style=\"font-weight: 400;\">Ei soovitata rasedatele reisijatele <\/span><\/li>\n<li style=\"font-weight: 400;\"><span style=\"font-weight: 400;\"> S\u00fcdameprobleemid v\u00f5i muud t\u00f5sised haigusseisundid puuduvad <\/span><\/li>\n<li style=\"font-weight: 400;\"><span style=\"font-weight: 400;\">Enamik reisijaid saab osaleda<\/span><\/li>\n<\/ol>\n<h4><b><i>T\u00fchistamispoliitika<\/i><\/b><\/h4>\n<p><span style=\"font-weight: 400;\"><span style=\"vertical-align: inherit;\"><span style=\"vertical-align: inherit;\"><span style=\"vertical-align: inherit;\"><span style=\"vertical-align: inherit;\">Para obtener un reembolso completo, cancele al menos 24 horas antes de la fecha de inicio de la expercia. <\/span><\/span><\/span><\/span><\/span><span style=\"vertical-align: inherit;\"><span style=\"vertical-align: inherit;\"><span style=\"vertical-align: inherit;\"><span style=\"vertical-align: inherit;\">[\/ vc_column_text] [\/ vc_column] [\/ vc_row] [\/ vc_row] <div class=\"vc_row wpb_row vc_row-fluid\" ><\/div> <div class=\"wpb_column vc_column_container vc_col-sm-12\"><div class=\"vc_column-inner\"><div class=\"wpb_wrapper\"><\/div><\/div><\/div> <div class=\"vc_empty_space\"   style=\"height: 32px\"><span class=\"vc_empty_space_inner\"><\/span><\/div> \n\t<div class=\"wpb_text_column wpb_content_element\" >\n\t\t<div class=\"wpb_wrapper\">\n\t\t\t\n\t\t<\/div>\n\t<\/div>\n<\/span><\/span><\/span><\/span><\/p>\n<h4><span style=\"vertical-align: inherit;\"><span style=\"vertical-align: inherit;\"><span style=\"vertical-align: inherit;\"><span style=\"vertical-align: inherit;\">\u00bfCont\u00e1ctenos?<\/span><\/span><\/span><\/span><\/h4>\n<h5><em><strong><span style=\"vertical-align: inherit;\"><span style=\"vertical-align: inherit;\"><span style=\"vertical-align: inherit;\"><span style=\"vertical-align: inherit;\">Reservas de aventuras<\/span><\/span><\/span><\/span><\/strong><\/em><\/h5>\n<p><em><span style=\"vertical-align: inherit;\"><span style=\"vertical-align: inherit;\"><span style=\"vertical-align: inherit;\"><span style=\"vertical-align: inherit;\">Servicios para hu\u00e9spedes y gu\u00edas tur\u00edsticos <\/span><\/span><\/span><strong><span style=\"vertical-align: inherit;\"><span style=\"vertical-align: inherit;\"><span style=\"vertical-align: inherit;\">locales<\/span><\/span><\/span><\/strong><span style=\"vertical-align: inherit;\"><span style=\"vertical-align: inherit;\"><span style=\"vertical-align: inherit;\"> y <\/span><\/span><\/span><\/span><strong><span style=\"vertical-align: inherit;\"><span style=\"vertical-align: inherit;\"><span style=\"vertical-align: inherit;\"><span style=\"vertical-align: inherit;\">nacionales<\/span><\/span><\/span><\/span><\/strong><\/em><\/p>\n<p><span class=\"text-turquoise\"><span style=\"vertical-align: inherit;\"><span style=\"vertical-align: inherit;\"><span style=\"vertical-align: inherit;\"><span style=\"vertical-align: inherit;\">Reservid:<\/span><\/span><\/span><\/span><\/span><span style=\"vertical-align: inherit;\"><span style=\"vertical-align: inherit;\"><span style=\"vertical-align: inherit;\"><span style=\"vertical-align: inherit;\"> Tours y Excursiones en Dom. <\/span><\/span><\/span><span style=\"vertical-align: inherit;\"><span style=\"vertical-align: inherit;\"><span style=\"vertical-align: inherit;\">Repeticiones<\/span><\/span><\/span><\/span><\/p>\n<p><img decoding=\"async\" class=\"emoji\" draggable=\"false\" src=\"https:\/\/s.w.org\/images\/core\/emoji\/11.2.0\/svg\/1f4de.svg\" alt=\"\ud83d\udcde\" \/><span style=\"vertical-align: inherit;\"><span style=\"vertical-align: inherit;\"><span style=\"vertical-align: inherit;\"><span style=\"vertical-align: inherit;\">Tel \/ Whatsapp\u00a0 <\/span><\/span><\/span><\/span><a href=\"tel:+1-809-720-6035\"><span style=\"vertical-align: inherit;\"><span style=\"vertical-align: inherit;\"><span style=\"vertical-align: inherit;\"><span style=\"vertical-align: inherit;\">+ 1-809-720-6035<\/span><\/span><\/span><\/span><\/a><span style=\"vertical-align: inherit;\"><span style=\"vertical-align: inherit;\"><span style=\"vertical-align: inherit;\"><span style=\"vertical-align: inherit;\"> .<\/span><\/span><\/span><\/span><\/p>\n<p><img decoding=\"async\" class=\"emoji\" draggable=\"false\" src=\"https:\/\/s.w.org\/images\/core\/emoji\/11.2.0\/svg\/1f4e9.svg\" alt=\"\ud83d\udce9\" \/> <a href=\"mailto:info@birdwatchingdominicanrepublic.com\"><span style=\"vertical-align: inherit;\"><span style=\"vertical-align: inherit;\"><span style=\"vertical-align: inherit;\"><span style=\"vertical-align: inherit;\">info@birdwatchingdominicanrepublic.com<\/span><\/span><\/span><\/span><\/a><\/p>\n<p><strong><span style=\"vertical-align: inherit;\"><span style=\"vertical-align: inherit;\"><span style=\"vertical-align: inherit;\"><span style=\"vertical-align: inherit;\">Somos tours privados de configuraci\u00f3n flexible por Whatsapp: <\/span><\/span><\/span><\/span><a href=\"tel:+18097206035\"><span style=\"vertical-align: inherit;\"><span style=\"vertical-align: inherit;\"><span style=\"vertical-align: inherit;\"><span style=\"vertical-align: inherit;\">+18097206035. <\/span><\/span><\/span><\/span><\/a><\/strong><span style=\"vertical-align: inherit;\"><span style=\"vertical-align: inherit;\"><span style=\"vertical-align: inherit;\"><span style=\"vertical-align: inherit;\">[\/ vc_column_text] <div class=\"vc_empty_space\"   style=\"height: 32px\"><span class=\"vc_empty_space_inner\"><\/span><\/div> [\/ vc_column] [\/ vc_row]<\/span><\/span><\/span><\/span><\/p>","protected":false},"excerpt":{"rendered":"<p><strong><span style=\"vertical-align: inherit;\"><span style=\"vertical-align: inherit;\"><span style=\"vertical-align: inherit;\"><span style=\"vertical-align: inherit;\">Seleccione la fecha para el tour\u00a0<\/span><\/span><\/span><\/span><\/strong><\/p>","protected":false},"featured_media":13674,"template":"","meta":[],"product_brand":[],"product_cat":[744,740,778,319,295,296,337,338,321,322,323],"product_tag":[340,342,719,357,358,720,344,345],"class_list":{"0":"post-14040","1":"product","2":"type-product","3":"status-publish","4":"has-post-thumbnail","6":"product_cat-1-samana","7":"product_cat-el-limon-horseback-riding","8":"product_cat-el-limon-las-galeras","9":"product_cat-fees-entrace","10":"product_cat-hiking","11":"product_cat-horse-riding-to-waterfalls","12":"product_cat-lunch","13":"product_cat-safari-samana","14":"product_cat-tours-and-excursions","15":"product_cat-tours-excursions-los-haitises-national-park","16":"product_cat-tours-excursions-samana-bay-dominican-republic","17":"product_tag-beach-time","18":"product_tag-el-limon-waterfalls","19":"product_tag-el-limon-waterfalls-tour-private-from-las-galeras-horse-riding","20":"product_tag-hiking-el-limon","21":"product_tag-horses-el-limon","22":"product_tag-lunch-swimming","23":"product_tag-samana","24":"product_tag-samana-tours","26":"first","27":"instock","28":"sale","29":"sold-individually","30":"shipping-taxable","31":"purchasable","32":"product-type-simple"},"_links":{"self":[{"href":"https:\/\/birdwatchingdominicanrepublic.com\/et\/wp-json\/wp\/v2\/product\/14040","targetHints":{"allow":["GET"]}}],"collection":[{"href":"https:\/\/birdwatchingdominicanrepublic.com\/et\/wp-json\/wp\/v2\/product"}],"about":[{"href":"https:\/\/birdwatchingdominicanrepublic.com\/et\/wp-json\/wp\/v2\/types\/product"}],"wp:featuredmedia":[{"embeddable":true,"href":"https:\/\/birdwatchingdominicanrepublic.com\/et\/wp-json\/wp\/v2\/media\/13674"}],"wp:attachment":[{"href":"https:\/\/birdwatchingdominicanrepublic.com\/et\/wp-json\/wp\/v2\/media?parent=14040"}],"wp:term":[{"taxonomy":"product_brand","embeddable":true,"href":"https:\/\/birdwatchingdominicanrepublic.com\/et\/wp-json\/wp\/v2\/product_brand?post=14040"},{"taxonomy":"product_cat","embeddable":true,"href":"https:\/\/birdwatchingdominicanrepublic.com\/et\/wp-json\/wp\/v2\/product_cat?post=14040"},{"taxonomy":"product_tag","embeddable":true,"href":"https:\/\/birdwatchingdominicanrepublic.com\/et\/wp-json\/wp\/v2\/product_tag?post=14040"}],"curies":[{"name":"wp","href":"https:\/\/api.w.org\/{rel}","templated":true}]}}