{"id":14049,"date":"2021-11-25T10:26:51","date_gmt":"2021-11-25T10:26:51","guid":{"rendered":"https:\/\/birdwatchingdominicanrepublic.com\/?post_type=product&#038;p=14049"},"modified":"2021-11-25T10:27:01","modified_gmt":"2021-11-25T10:27:01","slug":"samana-whales-tour-with-bacardi-island-and-limon-waterfall","status":"publish","type":"product","link":"https:\/\/birdwatchingdominicanrepublic.com\/da\/dominicantour\/samana-hvaler-tur-med-bacardi-oen-og-limon-vandfald\/","title":{"rendered":"Samana Whales-tur med Bacardi-\u00f8en og Limon-vandfaldet"},"content":{"rendered":"<p><span style=\"vertical-align: inherit;\"><span style=\"vertical-align: inherit;\"><div class=\"vc_row wpb_row vc_row-fluid\" > <div class=\"wpb_column vc_column_container vc_col-sm-12\"><div class=\"vc_column-inner\"><div class=\"wpb_wrapper\"> <div class=\"mkdf-section-title-holder\" style=\"text-align: left\">\n\t<div class=\"mkdf-st-inner\">\n\t\t\t\t\t<h5 class=\"mkdf-st-subtitle\" >\n\t\t\t\tCayo Levantado (Isla Bacard\u00ed) + Cascadas de Lim\u00f3n desde los hoteles de Punta Cana . \t\t\t<\/h5>\n\t\t\t\t\t\t\t<h3 class=\"mkdf-st-title\" >\n\t\t\t\tAfistamiento de ballenas 2020 en Punta Cana a la bah\u00eda de Saman\u00e1\t\t\t<\/h3>\n\t\t\t\t\t<\/div>\n<\/div> [\/ vc_column] [\/ vc_row] <div class=\"vc_row wpb_row vc_row-fluid\" ><\/div> <div class=\"wpb_column vc_column_container vc_col-sm-12\"><div class=\"vc_column-inner\"><div class=\"wpb_wrapper\"><\/div><\/div><\/div> \n\t<div class=\"wpb_text_column wpb_content_element\" >\n\t\t<div class=\"wpb_wrapper\">\n\t\t\t<p><\/span><\/span><\/p>\n<div class=\"vc_row wpb_row vc_row-fluid\">\n<div class=\"wpb_column vc_column_container vc_col-sm-12\">\n<div class=\"vc_column-inner\">\n<div class=\"wpb_wrapper\">\n<div class=\"wpb_text_column wpb_content_element\">\n<div class=\"wpb_wrapper\">\n<div class=\"vc_row wpb_row vc_row-fluid\">\n<div class=\"wpb_column vc_column_container vc_col-sm-12\">\n<div class=\"vc_column-inner\">\n<div class=\"wpb_wrapper\">\n<div class=\"wpb_text_column wpb_content_element\">\n<div class=\"wpb_wrapper\">\n<h4><b><i><span style=\"vertical-align: inherit;\"><span style=\"vertical-align: inherit;\">Generelt overblik<\/span><\/span><img decoding=\"async\" class=\"emoji\" draggable=\"false\" src=\"https:\/\/s.w.org\/images\/core\/emoji\/12.0.0-1\/svg\/1f433.svg\" alt=\"\ud83d\udc33\" \/><\/i><\/b><\/h4>\n<p>Whale Punta Cana, hvalsafari i Saman\u00e1-bugten og bes\u00f8g Cayo Levantado plus safari til El limon-vandfaldene under denne heldagsudflugt fra Punta Cana-hotellerne. Rejs til Saman\u00e1-bugten i en komfortabel bus med aircondition, og tag derefter til en katamaran ved Miches. Sejl ud i det \u00e5bne vand for at lede efter de flokke af pukkelhvaler, der kommer til omr\u00e5det for at yngle og f\u00f8de deres kalve. L\u00e6r om disse havpattedyrs adf\u00e6rd og biologi af din naturkyndige guide. Forts\u00e6t til Cayo Levantado \/ Bacardi-\u00f8en, hvor du kan spise frokost p\u00e5 stranden og tage en dukkert i det azurbl\u00e5 vand efter denne safaritur til el Limon-vandfaldene med ridetur p\u00e5 heste gennem kokosn\u00f8ddeskoven, inden du vender tilbage til Punta Cana.<\/p>\n<p>&nbsp;<\/p>\n<p><strong>Bem\u00e6rk:<\/strong> Denne tur er ikke privat. Denne tur har inkluderet stop ved <strong>Limon-vandfaldet<\/strong>. For at booke den samme tur uden at tage til vandfaldene, bedes du venligst <a href=\"https:\/\/www.ticketswhales.com\/Tours-Excursions\/tours-excursions-samana-bay-dominican-republic\/whale-watching-2020-in-punta-cana-to-samana-bay-cayo-levantado-bacardi-island-from-hotels\/\" target=\"_blank\" rel=\"noopener\">KLIK HER.<\/a><\/p>\n<ul>\n<li>Tur med hvalsafari<\/li>\n<li>Bacardi-\u00f8en \/ Cayo Levantado<\/li>\n<li>Entr\u00e9 til observatoriet<\/li>\n<li>Samana Safari<\/li>\n<li>El Limon Vandfald Ridning<\/li>\n<li>Inkluderer frokostbuffet p\u00e5 stranden<\/li>\n<li>B\u00e5dtransport<\/li>\n<li>Kaptajnen s\u00f8rger for instruktion og opsyn<\/li>\n<li>Rejseleder<\/li>\n<\/ul>\n<p>&nbsp;<\/p>\n<h4><b>Inklusioner og eksklusioner<\/b><\/h4>\n<p>&nbsp;<\/p>\n<p><b>Inklusioner<\/b><\/p>\n<p>&nbsp;<\/p>\n<ol>\n<li>Frokostbuffet p\u00e5 stranden<\/li>\n<li>Transport fra hoteller<\/li>\n<li>Rejseleder<\/li>\n<li>Katamaran eller b\u00e5dtur<\/li>\n<li>Alle skatter, afgifter og ekspeditionsgebyrer<\/li>\n<li>Lokale skatter<\/li>\n<li>Drikkevarer<\/li>\n<\/ol>\n<p><b>Undtagelser<\/b><\/p>\n<ol>\n<li>Drikkepenge<\/li>\n<\/ol>\n<p>&nbsp;<\/p>\n<h4><em><strong>Afrejse og hjemkomst<\/strong><\/em><\/h4>\n<p>Hotelafhentning tilbydes p\u00e5 denne tur. Skriv bare navnet p\u00e5 det hotel, hvor du bliver hentet, i Noter. Vi henter p\u00e5 alle hoteller i Punta Cana.<\/p>\n<p>&nbsp;<\/p>\n<h3>Samana Whale Watching + Cayo Levantado (Bacardi Island) + Limon Waterfalls fra Punta Cana Hotels.<\/h3>\n<h4><b><i>Hvad kan man forvente?<\/i><\/b><\/h4>\n<p>Kom helt t\u00e6t p\u00e5 Den Dominikanske Republiks blide havgiganter p\u00e5 denne 12-timers udflugt med pukkelhvaler i S\u00e1mana Bay. Tilbring en uforglemmelig dag med at observere de tusindvis af hvaler, der hvert \u00e5r str\u00f8mmer til \u00f8en for at parre sig, spise og lege i det varme tropiske vand. Mens du iagttager disse smukke skabninger, f\u00e5r du unik indsigt fra din ekspertguide i hvalsafari. Afslut dagen med en inkluderet frokost og strandtid p\u00e5 den smukke Cayo Levantado Island. Transport tur-retur til hotellet er ogs\u00e5 inkluderet.<\/p>\n<p>Fra kl. 9.00 til 12.00 observerer vi hvaler, og efter denne hvaltur bes\u00f8ger vi Bacardi Island \/ Cayo Levantado. P\u00e5 Bacardi-\u00f8en f\u00e5r vi en frokostbuffet p\u00e5 typisk dominikansk man\u00e9r (ris, b\u00f8nner, fisk, salater ...). N\u00e5r frokosten er f\u00e6rdig, har du lov til at sv\u00f8mme og g\u00f8re dig klar til at tage til El Limon-vandfaldene indtil kl. 16.30. Turen slutter kl. 17.00 i den samme havn, hvor den starter, og vi sejler ombord p\u00e5 vores katamaran og tager bussen tilbage til Punta Cana Hotels.<\/p>\n<p><strong>Tidsplan:<\/strong><\/p>\n<p>6:00 - 7:00 Afhentning af kunderne fra de forskellige hoteller<br \/>\n07:00 Afgang til Las Canitas i Sabana de la mar<br \/>\n08:15 Ankomst til den private havn<br \/>\n08:15 - 8:40 Morgenmad (sandwich, muffins, te, kaffe, juice)<br \/>\n8:45 Ombordstigning for at starte vores rejse til pukkelhvalernes fristed i Samana<br \/>\n11:00 S\u00f8g efter hvalerne i en periode p\u00e5 45 minutter - dette er den timing, der f\u00f8lges af regeringens regler.<br \/>\n11:45 P\u00e5 vej til Cayo Levantado i Samana-bugten<br \/>\n12:30 Ankomst til Cayo Levantado<br \/>\n13:00 Frokosttid (frokostbuffet, typisk dominikansk)*<br \/>\n13:45 - 15:30 Fritid i Cayo Levantado<br \/>\n15:00 - 15:45 Ombord igen med retning tilbage til Miches<br \/>\n17:00 Ankomst til Miches og afgang til hotellerne i Punta Cana<br \/>\n19:30 - 20:00 Ankomst til hoteller i Punta Cana<\/p>\n<p><strong>*Frokostmenu (typisk dominikansk)<br \/>\n<\/strong>Ris, grillet kylling eller grillet fisk, salat, gr\u00f8ntsager, frisk frugt.<\/p>\n<p><strong>*Kunder, der v\u00e6lger at tilf\u00f8je et stop ved vandfaldet El Limon efter hvalsafarien, vil bev\u00e6ge sig til vandfaldet og have mindre tid at bruge i Cayo Levantado.<\/strong><\/p>\n<p>Denne tur har inkluderet et stop ved <strong>Limon-vandfaldet<\/strong>. For at booke den samme tur uden at tage til vandfaldene, bedes du venligst <a href=\"https:\/\/www.ticketswhales.com\/Tours-Excursions\/tours-excursions-samana-bay-dominican-republic\/whale-watching-2020-in-punta-cana-to-samana-bay-cayo-levantado-bacardi-island-from-hotels\/\" target=\"_blank\" rel=\"noopener\">KLIK HER.<\/a><\/p>\n<p>&nbsp;<\/p>\n<h4><em><strong>Hvad skal du medbringe?<\/strong><\/em><\/h4>\n<ul>\n<li>Kamera<\/li>\n<li>Afvisende knopper<\/li>\n<li>Solcreme<\/li>\n<li>Hat<\/li>\n<li>Komfortable bukser<\/li>\n<li>Sandaler til stranden<\/li>\n<li>Sv\u00f8mmet\u00f8j<\/li>\n<li>Kontanter til souvenirs og drikkepenge<\/li>\n<\/ul>\n<p>&nbsp;<\/p>\n<h4><b><i>Afhentning af hotel<\/i><\/b><\/h4>\n<p>Hotelafhentning tilbydes p\u00e5 denne tur. Skriv bare navnet p\u00e5 det hotel, hvor du bliver hentet, i Noter. Vi henter p\u00e5 alle hoteller i Punta Cana.<\/p>\n<p>&nbsp;<\/p>\n<p><b>Bem\u00e6rk:<\/b> Hvis du booker inden for 24 timer f\u00f8r afgangstidspunktet for turen\/udflugten, kan vi arrangere afhentning p\u00e5 hotellet. N\u00e5r dit k\u00f8b er gennemf\u00f8rt, sender vi dig komplette kontaktoplysninger (telefonnummer, e-mailadresse osv.) til vores lokale rejseleder, s\u00e5 han kan arrangere afhentning.<\/p>\n<h4><b><i>Yderligere oplysninger Bekr\u00e6ftelse<\/i><\/b><\/h4>\n<ol>\n<li>Billetter er kvitteringen efter betaling af denne tur. Du kan vise betalingen p\u00e5 din telefon.<\/li>\n<li>M\u00f8dested vil blive modtaget efter reservationsprocessen.<\/li>\n<li>B\u00f8rn skal ledsages af en voksen.<\/li>\n<li>Tilg\u00e6ngelig for k\u00f8restolsbrugere<\/li>\n<li>Sp\u00e6db\u00f8rn skal sidde p\u00e5 sk\u00f8det<\/li>\n<li>De fleste rejsende kan deltage<\/li>\n<\/ol>\n<h4><b><i>Afbestillingsregler<\/i><\/b><\/h4>\n<p>For fuld refundering skal du afbestille mindst 24 timer f\u00f8r startdatoen for oplevelsen.<\/p>\n<\/div>\n<\/div>\n<\/div>\n<\/div>\n<\/div>\n<\/div>\n<\/div>\n<\/div>\n<\/div>\n<\/div>\n<\/div>\n<\/div>\n<div class=\"vc_row wpb_row vc_row-fluid\">\n<div class=\"wpb_column vc_column_container vc_col-sm-12\">\n<div class=\"vc_column-inner\">\n<div class=\"wpb_wrapper\">\n<div class=\"vc_empty_space\"><\/div>\n<div class=\"wpb_text_column wpb_content_element\">\n<div class=\"wpb_wrapper\">\n<h4>Kan du kontakte os?<\/h4>\n<h5><b><i>TUR HVALER SAMANA<\/i><\/b><\/h5>\n<p><em><strong>Lokalbefolkningen<\/strong>\u00a0og\u00a0<strong>Nationals<\/strong>\u00a0Turledere og g\u00e6steservice<\/em><\/p>\n<p><span class=\"text-turquoise\">Reservationer:<\/span>\u00a0Ture og udflugter i Dom. Rep.<\/p>\n<p><img decoding=\"async\" class=\"emoji\" draggable=\"false\" src=\"https:\/\/s.w.org\/images\/core\/emoji\/11.2.0\/svg\/1f4de.svg\" alt=\"\ud83d\udcde\" \/>\u00a0Tlf \/ Whatsapp\u00a0\u00a0<a href=\"tel:+1-809-720-6035\">+1-809-720-6035<\/a>.<\/p>\n<p><img decoding=\"async\" class=\"emoji\" draggable=\"false\" src=\"https:\/\/s.w.org\/images\/core\/emoji\/11.2.0\/svg\/1f4e9.svg\" alt=\"\ud83d\udce9\" \/>\u00a0<a href=\"mailto:info@birdwatchingdominicanrepublic.com\">info@birdwatchingdominicanrepublic.com<\/a><\/p>\n<p><strong>Vi er fleksible og arrangerer private ture via Whatsapp:\u00a0<a href=\"tel:+18097206035\">+18097206035.<\/a><\/strong><\/p>\n<\/div>\n<\/div>\n<\/div>\n<\/div>\n<\/div>\n<\/div>\n\n\t\t<\/div>\n\t<\/div>\n<\/div><\/div><\/div><\/div>","protected":false},"excerpt":{"rendered":"<p><span style=\"vertical-align: inherit;\"><span style=\"vertical-align: inherit;\">Desde los hoteles de Punta Cana, disfrutaremos de los hermosos paisajes de la Cordillera Oriental mientras conducimos al norte de Punta Cana antes de llegar al peque\u00f1o pueblo de pescadores de Miches en la costa sur de la Bah\u00eda de Saman\u00e1. <\/span><span style=\"vertical-align: inherit;\">All\u00ed podr\u00e1 disfrutar de un desayuno r\u00e1pido antes de abordar el barco hacia Saman\u00e1. <\/span><span style=\"vertical-align: inherit;\">Navegaremos hasta las profundidades de la bah\u00eda para observar ballenas. <\/span><span style=\"vertical-align: inherit;\">Primero llegaremos a Cayo Levantado, tambi\u00e9n conocida como Isla Bacard\u00ed debido a su gran parecido con las playas que alguna vez se us\u00f3 para sus famosos comerciales. <\/span><span style=\"vertical-align: inherit;\">Cayo Levantado es nada menos que un oasis tropical, una peque\u00f1a isla en medio del oc\u00e9ano con aguas turquesas y arenas blancas. <\/span><span style=\"vertical-align: inherit;\">Despu\u00e9s de esto un safari en la comunidad de Saman\u00e1 a las cascadas. <\/span><span style=\"vertical-align: inherit;\">En las Cataratas, el Lim\u00f3n se prepara para montar a caballo o hacer senderismo. <\/span><span style=\"vertical-align: inherit;\">Esta es una aventura \u00fanica completa.<\/span><\/span><\/p>\n<p><span style=\"vertical-align: inherit;\"><span style=\"vertical-align: inherit;\">Denne tur har inkluderet en parade p\u00e5 <\/span><\/span><strong><span style=\"vertical-align: inherit;\"><span style=\"vertical-align: inherit;\">Cascada de Lim\u00f3n<\/span><\/span><\/strong><span style=\"vertical-align: inherit;\"><span style=\"vertical-align: inherit;\"> . <\/span><span style=\"vertical-align: inherit;\">Para reservar el mismo viaje y no ir a las cascadas por favor <\/span><\/span><a href=\"https:\/\/www.ticketswhales.com\/Tours-Excursions\/tours-excursions-samana-bay-dominican-republic\/whale-watching-2020-in-punta-cana-to-samana-bay-cayo-levantado-bacardi-island-from-hotels\/\"><span style=\"vertical-align: inherit;\"><span style=\"vertical-align: inherit;\">HAGA CLIC AQU\u00cd.<\/span><\/span><\/a><\/p>\n<p>&nbsp;<\/p>\n<p><em><strong><span style=\"vertical-align: inherit;\"><span style=\"vertical-align: inherit;\">V\u00e6lg den dato, hvor udflugten skal finde sted:<\/span><\/span><\/strong><\/em><\/p>","protected":false},"featured_media":13575,"template":"","meta":[],"product_brand":[],"product_cat":[749,744,747,748,319,683],"product_tag":[593,339,364,567,463,486,548,623,403,343,594,431,349,595,560,474,624,596,437,483,597,439,598],"class_list":{"0":"post-14049","1":"product","2":"type-product","3":"status-publish","4":"has-post-thumbnail","6":"product_cat-1-punta-cana","7":"product_cat-1-samana","8":"product_cat-el-limon-hiking","9":"product_cat-el-limon-samana","10":"product_cat-fees-entrace","11":"product_cat-whale-watching-punta-cana","12":"product_tag-593","13":"product_tag-bacardi-island","14":"product_tag-cayo-levantado-day-pass","15":"product_tag-cheap-punta-cana-excursions","16":"product_tag-day-trip-punta-cana","17":"product_tag-el-limon-waterfall-and-bacardi-island-tour-from-punta-cana","18":"product_tag-half-day-whale-watching-miches","19":"product_tag-limon-from-punta-cana","20":"product_tag-private-tours-samana","21":"product_tag-punta-cana","22":"product_tag-punta-cana-activities","23":"product_tag-punta-cana-tours","24":"product_tag-samana-bay","25":"product_tag-samana-day-trip","26":"product_tag-samana-day-trip-from-punta-cana","27":"product_tag-samana-whale-watching","28":"product_tag-waterfalls-punta-cana","29":"product_tag-whale-punta-cana","30":"product_tag-whale-samana","31":"product_tag-whale-watching-2020","32":"product_tag-whale-watching-2020-in-punta-cana-to-samana-bay-cayo-levantado-bacardi-island-from-hotels","33":"product_tag-whale-watching-dominican-republic","34":"product_tag-whale-watching-punta-cana","36":"first","37":"instock","38":"sale","39":"virtual","40":"sold-individually","41":"purchasable","42":"product-type-simple"},"_links":{"self":[{"href":"https:\/\/birdwatchingdominicanrepublic.com\/da\/wp-json\/wp\/v2\/product\/14049","targetHints":{"allow":["GET"]}}],"collection":[{"href":"https:\/\/birdwatchingdominicanrepublic.com\/da\/wp-json\/wp\/v2\/product"}],"about":[{"href":"https:\/\/birdwatchingdominicanrepublic.com\/da\/wp-json\/wp\/v2\/types\/product"}],"wp:featuredmedia":[{"embeddable":true,"href":"https:\/\/birdwatchingdominicanrepublic.com\/da\/wp-json\/wp\/v2\/media\/13575"}],"wp:attachment":[{"href":"https:\/\/birdwatchingdominicanrepublic.com\/da\/wp-json\/wp\/v2\/media?parent=14049"}],"wp:term":[{"taxonomy":"product_brand","embeddable":true,"href":"https:\/\/birdwatchingdominicanrepublic.com\/da\/wp-json\/wp\/v2\/product_brand?post=14049"},{"taxonomy":"product_cat","embeddable":true,"href":"https:\/\/birdwatchingdominicanrepublic.com\/da\/wp-json\/wp\/v2\/product_cat?post=14049"},{"taxonomy":"product_tag","embeddable":true,"href":"https:\/\/birdwatchingdominicanrepublic.com\/da\/wp-json\/wp\/v2\/product_tag?post=14049"}],"curies":[{"name":"wp","href":"https:\/\/api.w.org\/{rel}","templated":true}]}}