{"id":13978,"date":"2021-11-25T10:26:13","date_gmt":"2021-11-25T10:26:13","guid":{"rendered":"https:\/\/birdwatchingdominicanrepublic.com\/?post_type=product&#038;p=13978"},"modified":"2021-11-25T10:26:16","modified_gmt":"2021-11-25T10:26:16","slug":"atv-samana-adventures-atv-tours-excursions-in-samana-dominican-republic-atv-el-valle-beach-waterfalls","status":"publish","type":"product","link":"https:\/\/birdwatchingdominicanrepublic.com\/da\/dominicantour\/atv-samana-adventures-atv-tours-udflugter-i-samana-dominikanske-republik-atv-el-valle-beach-vandfald\/","title":{"rendered":"ATV Samana Adventures - ATV-ture og udflugter i Samana, Den Dominikanske Republik. ATV + El Valle strand og vandfald"},"content":{"rendered":"<div class=\"vc_row wpb_row vc_row-fluid\" ><div class=\"wpb_column vc_column_container vc_col-sm-12\"><div class=\"vc_column-inner\"><div class=\"wpb_wrapper\"><div class=\"mkdf-section-title-holder\" style=\"text-align: left\">\n\t<div class=\"mkdf-st-inner\">\n\t\t\t\t\t<h5 class=\"mkdf-st-subtitle\" >\n\t\t\t\tFrokost inkluderet p\u00e5 stranden\t\t\t<\/h5>\n\t\t\t\t\t\t\t<h3 class=\"mkdf-st-title\" >\n\t\t\t\tATV Samana Adventures - ATV-ture og udflugter i Samana, Den Dominikanske Republik. ATV + El Valle strand og vandfald\t\t\t<\/h3>\n\t\t\t\t\t<\/div>\n<\/div><\/div><\/div><\/div><\/div><div class=\"vc_row wpb_row vc_row-fluid\" ><div class=\"wpb_column vc_column_container vc_col-sm-12\"><div class=\"vc_column-inner\"><div class=\"wpb_wrapper\">\n\t<div class=\"wpb_text_column wpb_content_element\" >\n\t\t<div class=\"wpb_wrapper\">\n\t\t\t<h3 class=\"ui_header h1 attractions-product-info-ProductTitle__title--1qM0o\">ATV Samana Adventures - ATV-ture og udflugter i Samana, Den Dominikanske Republik. ATV + El Valle strand og vandfald.<\/h3>\n<h4><b><i>Oversigt <\/i><\/b><\/h4>\n<p>F\u00e5 dine billetter til en halvdagsudflugt i Samana p\u00e5 ATV Tours. <span style=\"font-family: Arial, Helvetica, sans-serif;\"><span style=\"color: #4b291d;\">\u00a0T<\/span>Udflugten starter p\u00e5 vores kontor t\u00e6t p\u00e5 Samana Main Dock. Efter 30 minutters k\u00f8rsel bes\u00f8ger vi Tree House Ecologe p\u00e5 vej til vandfaldene. Efter en vandretur til vandfaldene p\u00e5 ca. 10 min. <\/span><\/p>\n<p><span style=\"font-family: Arial, Helvetica, sans-serif;\">Vi spiser frokost p\u00e5 El Valle-stranden. Efter 4,5 timers aktiviteter tager vi tilbage til vores m\u00f8dested i Samana.\u00a0<\/span><\/p>\n<p>&nbsp;<\/p>\n<h4><b>Inklusioner og eksklusioner<\/b><\/h4>\n<p>&nbsp;<\/p>\n<p><b>Inklusioner<\/b><\/p>\n<ol>\n<li style=\"font-weight: 400;\">Atv 2 personer i \u00e9n.<\/li>\n<li>Frokost p\u00e5 stranden<\/li>\n<li style=\"font-weight: 400;\"><span style=\"font-weight: 400;\">Alle skatter, afgifter og ekspeditionsgebyrer<\/span><\/li>\n<li style=\"font-weight: 400;\"><span style=\"font-weight: 400;\">Lokale skatter<\/span><\/li>\n<li style=\"font-weight: 400;\"><span style=\"font-weight: 400;\">Drikkevarer<\/span><\/li>\n<li>Snacks<\/li>\n<li>Bes\u00f8g ved vandfald<\/li>\n<li>El Valle Beach<\/li>\n<li>Bes\u00f8g i tr\u00e6huset<\/li>\n<li style=\"font-weight: 400;\"><span style=\"font-weight: 400;\">Alle aktiviteter<\/span><\/li>\n<li style=\"font-weight: 400;\"><span style=\"font-weight: 400;\">Lokal guide<\/span><\/li>\n<\/ol>\n<p><b> Undtagelser<\/b><\/p>\n<ol>\n<li style=\"font-weight: 400;\"><span style=\"font-weight: 400;\">Drikkepenge<\/span><\/li>\n<li>transport fra hoteller (indstilles ved at kontakte os).<\/li>\n<li style=\"font-weight: 400;\"><span style=\"font-weight: 400;\">Alkoholiske drikke<\/span><\/li>\n<\/ol>\n<p>&nbsp;<\/p>\n<h4><em><strong>Afrejse og hjemkomst<\/strong><\/em><\/h4>\n<p><span style=\"font-weight: 400;\">Den rejsende vil f\u00e5 et m\u00f8dested efter reservationsprocessen. Turene starter og slutter p\u00e5 dine m\u00f8desteder.<\/span><\/p>\n<h4><\/h4>\n<h3 class=\"ui_header h1 attractions-product-info-ProductTitle__title--1qM0o\">ATV Samana Adventures - ATV-ture og udflugter i Samana, Den Dominikanske Republik. ATV + El Valle strand og vandfald.<\/h3>\n<h4><b><i>Hvad kan man forvente?<\/i><\/b><\/h4>\n<div data-tab=\"TABS_WHAT_TO_EXPECT\">\n<div class=\"ui_card attractions-card-CollapsibleProductDetailsCard__cardContainer--3r2wk attractions-card-CollapsibleProductDetailsCard__cleanslateOverrideDT--2AJh0\">\n<div class=\"attractions-card-CollapsibleCard__header--IDA3r\">\n<div class=\"attractions-card-CollapsibleCard__headerSection--3gTKb\"><\/div>\n<\/div>\n<div class=\"attractions-card-CollapsibleCard__content--2Ws8q\">\n<div class=\"attractions-card-CollapsibleCard__contentWrap--374jk attractions-card-CollapsibleCard__titleUnderline--1uHze\">\n<div class=\"attractions-card-CollapsibleProductDetailsCard__cardContent--23ext\">\n<div class=\"common-text-ReadMore__readMore--3Iu8c common-text-ReadMore__variantFadeOut--1tInd\">\n<div class=\"common-text-ReadMore__content--2X4LR\">\n<div class=\"ui_columns is-desktop\">\n<div class=\"ui_column\">F\u00e5 din Atv i gang. S\u00e5 g\u00f8r du dig klar til at k\u00f8re p\u00e5 tv\u00e6rs af landet og se Saman\u00e1-halv\u00f8en fra t\u00e6t hold. Du k\u00f8rer p\u00e5 din ATV gennem et kuperet terr\u00e6n, og vi bes\u00f8ger en dominikansk familie, hvor vi g\u00f8r et hurtigt stop for at tage nogle billeder af Tree house ecologe, drikke en god dominikansk kaffe og nyde l\u00e6kker naturlig chokolade.<\/div>\n<div class=\"ui_column\">Derefter forts\u00e6tter vi gennem en lille landsby, hvor du kan nyde varmen fra de indf\u00f8dte dominikanere p\u00e5 vejen til vandfaldene LULU, hvor vi vandrer til vandfaldene i 10 minutter og l\u00e6rer om skoven i Den Dominikanske Republik p\u00e5 et af de mest eksotiske steder i regionen.<\/div>\n<div><\/div>\n<div class=\"ui_column\">Tilbage til vores ATV for at bes\u00f8ge en af de smukkeste strande omkring Samana. El Valle-stranden!  Her stopper vi i ca. 1 time og 15 minutter for at nyde det magiske hvide sand og det krystalklare turkise vand p\u00e5 stranden Playa El Valle. Der kan du hvile, drikke, sv\u00f8mme, udforske eller bare ligge i solen, hvis du har lyst.  Buffeten vil v\u00e6re klar med typiske dominikanske m\u00e5ltider, og hvis du er veganer, s\u00e5 lad os det vide. Vi har mad til alle!<\/div>\n<\/div>\n<div>Efter 4,5 timer k\u00f8rer vi tilbage til Samana by.<\/div>\n<div class=\"ui_columns is-desktop\">\n<div class=\"ui_column\"><\/div>\n<\/div>\n<\/div>\n<\/div>\n<\/div>\n<\/div>\n<\/div>\n<\/div>\n<\/div>\n<h4><em><strong>Hvad skal du medbringe?<\/strong><\/em><\/h4>\n<ul>\n<li style=\"font-weight: 400;\"><span style=\"font-weight: 400;\">Kamera<\/span><\/li>\n<li style=\"font-weight: 400;\"><span style=\"font-weight: 400;\">Afvisende knopper<\/span><\/li>\n<li style=\"font-weight: 400;\"><span style=\"font-weight: 400;\">Solcreme<\/span><\/li>\n<li style=\"font-weight: 400;\"><span style=\"font-weight: 400;\">Hat<\/span><\/li>\n<li style=\"font-weight: 400;\"><span style=\"font-weight: 400;\">Komfortable bukser<\/span><\/li>\n<li style=\"font-weight: 400;\"><span style=\"font-weight: 400;\">Vandresko til skoven<\/span><\/li>\n<li style=\"font-weight: 400;\"><span style=\"font-weight: 400;\">Sandaler til for\u00e5rsomr\u00e5derne.<\/span><\/li>\n<li style=\"font-weight: 400;\"><span style=\"font-weight: 400;\">Sv\u00f8mmet\u00f8j<\/span><\/li>\n<\/ul>\n<p>&nbsp;<\/p>\n<h4><b><i>Afhentning af hotel <\/i><\/b><\/h4>\n<p><span style=\"font-weight: 400;\">Hotelafhentning tilbydes ikke p\u00e5 denne tur. Vi arrangerer afhentning ved at kontakte os via Whatsapp.<\/span><\/p>\n<p>&nbsp;<\/p>\n<p><b>Bem\u00e6rk:<\/b><span style=\"font-weight: 400;\"> Hvis du booker inden for 24 timer f\u00f8r afgangstidspunktet for turen\/udflugten, kan vi arrangere afhentning p\u00e5 hotellet mod ekstra betaling. N\u00e5r dit k\u00f8b er gennemf\u00f8rt, sender vi dig komplette kontaktoplysninger (telefonnummer, e-mailadresse osv.) til vores lokale guide, s\u00e5 han kan arrangere afhentning.<\/span><\/p>\n<h4><b><i>Yderligere oplysninger Bekr\u00e6ftelse <\/i><\/b><\/h4>\n<ol>\n<li>Billetter er kvitteringen efter betaling af denne tur. Du kan vise betalingen p\u00e5 din telefon.<\/li>\n<li style=\"font-weight: 400;\"><span style=\"font-weight: 400;\">M\u00f8dested vil blive modtaget efter reservationsprocessen.<\/span><\/li>\n<li style=\"font-weight: 400;\"><span style=\"font-weight: 400;\">B\u00f8rn skal ledsages af en voksen.<\/span><\/li>\n<li style=\"font-weight: 400;\"><span style=\"font-weight: 400;\"> Ikke tilg\u00e6ngelig for k\u00f8restolsbrugere <\/span><\/li>\n<li style=\"font-weight: 400;\"><span style=\"font-weight: 400;\">Sp\u00e6db\u00f8rn skal sidde p\u00e5 sk\u00f8det <\/span><\/li>\n<li style=\"font-weight: 400;\"><span style=\"font-weight: 400;\">Anbefales ikke til rejsende med rygproblemer<\/span><\/li>\n<li style=\"font-weight: 400;\"><span style=\"font-weight: 400;\">Anbefales ikke til gravide rejsende <\/span><\/li>\n<li style=\"font-weight: 400;\"><span style=\"font-weight: 400;\"> Ingen hjerteproblemer eller andre alvorlige medicinske tilstande <\/span><\/li>\n<li style=\"font-weight: 400;\"><span style=\"font-weight: 400;\">De fleste rejsende kan deltage<\/span><\/li>\n<\/ol>\n<h4><b><i>Afbestillingsregler<\/i><\/b><\/h4>\n<p><span style=\"font-weight: 400;\">For at f\u00e5 fuld refusion skal du afbestille mindst 24 timer f\u00f8r startdatoen for oplevelsen. Pengene vil g\u00e5 tabt, hvis reservationen annulleres samme dag som turen.<\/span><\/p>\n\n\t\t<\/div>\n\t<\/div>\n<\/div><\/div><\/div><\/div><div class=\"vc_row wpb_row vc_row-fluid\" ><div class=\"wpb_column vc_column_container vc_col-sm-12\"><div class=\"vc_column-inner\"><div class=\"wpb_wrapper\">\n\t<div class=\"wpb_video_widget wpb_content_element vc_clearfix   vc_video-aspect-ratio-169 vc_video-el-width-100 vc_video-align-left\" >\n\t\t<div class=\"wpb_wrapper\">\n\t\t\t<h2 class=\"wpb_heading wpb_video_heading\">Samana med Booking Adventures:<\/h2>\n\t\t\t<div class=\"wpb_video_wrapper\"><iframe loading=\"lazy\" title=\"Dominikansk destination Samana Zipline, ATV-udflugter\" width=\"1100\" height=\"619\" src=\"https:\/\/www.youtube.com\/embed\/8Ybh1xtnr2M?feature=oembed\" frameborder=\"0\" allow=\"accelerometer; autoplay; clipboard-write; encrypted-media; gyroscope; picture-in-picture\" allowfullscreen><\/iframe><\/div>\n\t\t<\/div>\n\t<\/div>\n<\/div><\/div><\/div><\/div><div class=\"vc_row wpb_row vc_row-fluid\" ><div class=\"wpb_column vc_column_container vc_col-sm-12\"><div class=\"vc_column-inner\"><div class=\"wpb_wrapper\"><div class=\"vc_empty_space\"   style=\"height: 32px\"><span class=\"vc_empty_space_inner\"><\/span><\/div>\n\t<div class=\"wpb_text_column wpb_content_element\" >\n\t\t<div class=\"wpb_wrapper\">\n\t\t\t<h4>Kan du kontakte os?<\/h4>\n<h5><em><strong>Booking af eventyr<\/strong><\/em><\/h5>\n<p><em><strong>Lokalbefolkningen<\/strong>\u00a0og\u00a0<strong>Nationals<\/strong>\u00a0Turledere og g\u00e6steservice<\/em><\/p>\n<p><span class=\"text-turquoise\">Reservationer:<\/span>\u00a0Ture og udflugter i Dom. Rep.<\/p>\n<p><img decoding=\"async\" class=\"emoji\" draggable=\"false\" src=\"https:\/\/s.w.org\/images\/core\/emoji\/11.2.0\/svg\/1f4de.svg\" alt=\"\ud83d\udcde\" \/>\u00a0Tlf \/ Whatsapp\u00a0\u00a0<a href=\"tel:+1-809-720-6035\">+1-809-720-6035<\/a>.<\/p>\n<p><img decoding=\"async\" class=\"emoji\" draggable=\"false\" src=\"https:\/\/s.w.org\/images\/core\/emoji\/11.2.0\/svg\/1f4e9.svg\" alt=\"\ud83d\udce9\" \/>\u00a0<a href=\"mailto:info@birdwatchingdominicanrepublic.com\">info@birdwatchingdominicanrepublic.com<\/a><\/p>\n<p><strong>Vi er fleksible og arrangerer private ture via Whatsapp:\u00a0<a href=\"tel:+18097206035\">+18097206035.<\/a><\/strong><\/p>\n\n\t\t<\/div>\n\t<\/div>\n<div class=\"vc_empty_space\"   style=\"height: 32px\"><span class=\"vc_empty_space_inner\"><\/span><\/div><\/div><\/div><\/div><\/div>","protected":false},"excerpt":{"rendered":"<div class=\"ui_columns is-desktop\">\n<div class=\"ui_column\">Denne oplevelse i Atv starter i Samana City Center. Vi k\u00f8rer i atv'en til vandfaldene LULU, forbi Tree House Ecolodge indtil El Valle Beach.<\/div>\n<div class=\"ui_column\">El Valle-stranden!  Her stopper vi i ca. 1 time og 15 minutter for at nyde det magiske hvide sand og det krystalklare turkise vand p\u00e5 stranden Playa El Valle. Der kan du hvile, drikke, sv\u00f8mme, udforske eller bare ligge i solen, hvis du har lyst. En buffet vil st\u00e5 klar med typiske dominikanske m\u00e5ltider, og hvis du er veganer, s\u00e5 lad os det vide. Vi har mad til alle!<\/div>\n<div><\/div>\n<\/div>\n<div>Efter 4,5 timer k\u00f8rer vi tilbage til Samana by.<\/div>\n<p>. Vandring og sv\u00f8mning med sikkerhedsudstyr for at f\u00e5 den bedste oplevelse nogensinde!!!<\/p>\n<p>&nbsp;<\/p>\n<p><strong>V\u00e6lg venligst datoen for turen:\u00a0<\/strong><\/p>","protected":false},"featured_media":13255,"template":"","meta":[],"product_brand":[],"product_cat":[744,520,521,522,319,295,523,337,524,321,299],"product_tag":[525,526,527,528,359,529,403,344,530,350,345,531],"class_list":{"0":"post-13978","1":"product","2":"type-product","3":"status-publish","4":"has-post-thumbnail","6":"product_cat-1-samana","7":"product_cat-atv-adventures","8":"product_cat-atv-fourwheels","9":"product_cat-atv-tours-excursions-adventures","10":"product_cat-fees-entrace","11":"product_cat-hiking","12":"product_cat-lulu-waterfalls","13":"product_cat-lunch","14":"product_cat-things-to-do-in-samana-province","15":"product_cat-tours-and-excursions","16":"product_cat-waterfalls","17":"product_tag-atv-samana-excursion","18":"product_tag-atv-tours-excursions-in-samana-dominican-republic","19":"product_tag-atv-fourwheels","20":"product_tag-atv-tours-excursions-adventures","21":"product_tag-el-valle-beach","22":"product_tag-lulu-waterfalls","23":"product_tag-private-tours-samana","24":"product_tag-samana","25":"product_tag-samana-atv","26":"product_tag-samana-excursions","27":"product_tag-samana-tours","28":"product_tag-tree-house-samana","30":"first","31":"instock","32":"sale","33":"virtual","34":"sold-individually","35":"purchasable","36":"product-type-simple"},"_links":{"self":[{"href":"https:\/\/birdwatchingdominicanrepublic.com\/da\/wp-json\/wp\/v2\/product\/13978","targetHints":{"allow":["GET"]}}],"collection":[{"href":"https:\/\/birdwatchingdominicanrepublic.com\/da\/wp-json\/wp\/v2\/product"}],"about":[{"href":"https:\/\/birdwatchingdominicanrepublic.com\/da\/wp-json\/wp\/v2\/types\/product"}],"wp:featuredmedia":[{"embeddable":true,"href":"https:\/\/birdwatchingdominicanrepublic.com\/da\/wp-json\/wp\/v2\/media\/13255"}],"wp:attachment":[{"href":"https:\/\/birdwatchingdominicanrepublic.com\/da\/wp-json\/wp\/v2\/media?parent=13978"}],"wp:term":[{"taxonomy":"product_brand","embeddable":true,"href":"https:\/\/birdwatchingdominicanrepublic.com\/da\/wp-json\/wp\/v2\/product_brand?post=13978"},{"taxonomy":"product_cat","embeddable":true,"href":"https:\/\/birdwatchingdominicanrepublic.com\/da\/wp-json\/wp\/v2\/product_cat?post=13978"},{"taxonomy":"product_tag","embeddable":true,"href":"https:\/\/birdwatchingdominicanrepublic.com\/da\/wp-json\/wp\/v2\/product_tag?post=13978"}],"curies":[{"name":"wp","href":"https:\/\/api.w.org\/{rel}","templated":true}]}}